{"id":17,"date":"2019-10-20T17:04:15","date_gmt":"2019-10-20T15:04:15","guid":{"rendered":"http:\/\/www.am-arlberg.info\/haus-rosa\/?page_id=17"},"modified":"2024-11-11T23:18:31","modified_gmt":"2024-11-11T22:18:31","slug":"preise","status":"publish","type":"page","link":"https:\/\/www.arlberg.site\/haus-rosa\/preise\/","title":{"rendered":"Preise"},"content":{"rendered":"\t\t<div data-elementor-type=\"wp-page\" data-elementor-id=\"17\" class=\"elementor elementor-17\">\n\t\t\t\t\t\t<div class=\"elementor-inner\">\n\t\t\t\t<div class=\"elementor-section-wrap\">\n\t\t\t\t\t\t\t\t\t<section class=\"elementor-section elementor-top-section elementor-element elementor-element-23b47f92 elementor-section-boxed elementor-section-height-default elementor-section-height-default\" data-id=\"23b47f92\" data-element_type=\"section\">\n\t\t\t\t\t\t<div class=\"elementor-container elementor-column-gap-default\">\n\t\t\t\t\t\t\t<div class=\"elementor-row\">\n\t\t\t\t\t<div class=\"elementor-column elementor-col-100 elementor-top-column elementor-element elementor-element-5836dad3\" data-id=\"5836dad3\" data-element_type=\"column\">\n\t\t\t<div class=\"elementor-column-wrap elementor-element-populated\">\n\t\t\t\t\t\t\t<div class=\"elementor-widget-wrap\">\n\t\t\t\t\t\t<div class=\"elementor-element elementor-element-7f7bbf6c elementor-widget elementor-widget-text-editor\" data-id=\"7f7bbf6c\" data-element_type=\"widget\" data-widget_type=\"text-editor.default\">\n\t\t\t\t<div class=\"elementor-widget-container\">\n\t\t\t\t\t\t\t\t<div class=\"elementor-text-editor elementor-clearfix\">\n\t\t\t\t<p><!-- wp:table --><\/p>\n<table class=\"wp-block-table\">\n<tbody>\n<tr>\n<td>\u00a0<\/td>\n<td>Winter1<\/td>\n<td>Winter2<\/td>\n<td>Winter 3<\/td>\n<\/tr>\n<tr>\n<td>\u00a0<\/td>\n<td>21.12.2024 \u2013 06.01.2025<br \/>25.01.2025 \u2013 21.03.2025<\/td>\n<td>14.12.2024 \u2013 20.12.2024<br \/>22.03.2025 \u2013 04.04.2025<\/td>\n<td>04.12.2024- 13.12.2024<br \/>05.04.2025 \u2013 22.04.2025<\/td>\n<\/tr>\n<tr>\n<td>Doppelzimmer Dusche\/WC<\/td>\n<td>\u20ac 50.-\u00a0 bis 53.-<\/td>\n<td>\u20ac 48.- bis 50.-<\/td>\n<td>\u20ac 50.- bis 53.-<\/td>\n<\/tr>\n<tr>\n<td>Doppelzimmer Dusche<\/td>\n<td>\u20ac 45.- bis 48.-<\/td>\n<td>\u20ac 45.- bis 48.-<\/td>\n<td>\u20ac 45.- bis 48.-<\/td>\n<\/tr>\n<tr>\n<td>\u00a0<\/td>\n<td>\u00a0<\/td>\n<td>\u00a0<\/td>\n<td>\u00a0<\/td>\n<\/tr>\n<tr>\n<td>Einzelzimmer Dusche\/WC<\/td>\n<td>\u20ac 60.- bis 63.-<\/td>\n<td>\u20ac 60.- 63.-<\/td>\n<td>\u20ac 60.- bis 63.-<\/td>\n<\/tr>\n<tr>\n<td>Einzelzimmer Etagendusche<\/td>\n<td>ab \u20ac 48.-<\/td>\n<td>ab \u20ac 45.-<\/td>\n<td>ab \u20ac 45.-<\/td>\n<\/tr>\n<tr>\n<td>\u00a0<\/td>\n<td>\u00a0<\/td>\n<td>\u00a0<\/td>\n<td>\u00a0<\/td>\n<\/tr>\n<tr>\n<td>\u00a0<\/td>\n<td>\u00a0<\/td>\n<td>\u00a0<\/td>\n<td>\u00a0<\/td>\n<\/tr>\n<tr>\n<td>\u00a0<\/td>\n<\/tr>\n<\/tbody>\n<\/table>\n<p><!-- \/wp:table --><\/p>\t\t\t\t\t<\/div>\n\t\t\t\t\t\t<\/div>\n\t\t\t\t<\/div>\n\t\t\t\t\t\t<\/div>\n\t\t\t\t\t<\/div>\n\t\t<\/div>\n\t\t\t\t\t\t\t\t<\/div>\n\t\t\t\t\t<\/div>\n\t\t<\/section>\n\t\t\t\t<section class=\"elementor-section elementor-top-section elementor-element elementor-element-8154f5f elementor-section-boxed elementor-section-height-default elementor-section-height-default\" data-id=\"8154f5f\" data-element_type=\"section\">\n\t\t\t\t\t\t<div class=\"elementor-container elementor-column-gap-default\">\n\t\t\t\t\t\t\t<div class=\"elementor-row\">\n\t\t\t\t\t<div class=\"elementor-column elementor-col-100 elementor-top-column elementor-element elementor-element-a3a859d\" data-id=\"a3a859d\" data-element_type=\"column\">\n\t\t\t<div class=\"elementor-column-wrap elementor-element-populated\">\n\t\t\t\t\t\t\t<div class=\"elementor-widget-wrap\">\n\t\t\t\t\t\t<div class=\"elementor-element elementor-element-f688d76 elementor-widget elementor-widget-text-editor\" data-id=\"f688d76\" data-element_type=\"widget\" data-widget_type=\"text-editor.default\">\n\t\t\t\t<div class=\"elementor-widget-container\">\n\t\t\t\t\t\t\t\t<div class=\"elementor-text-editor elementor-clearfix\">\n\t\t\t\t<p style=\"text-align: center;\">Preise pro Person und Tag mit Fr\u00fchst\u00fcck excl. Ortstaxe bei Buchung ab 4 \u00dcbernachtungen.<br \/>Kurzaufenthaltszuschlag \u20ac 10,- pro Person und \u00dcbernachtung bis 3 \u00dcbernachtungen.<br \/>Preis\u00e4nderungen und Druckfehler vorbehalten.<a href=\"http:\/\/www.hotelverband.at\/down\/AGBH_061115.pdf\"><br \/>Es gelten die allgemeinen Gesch\u00e4ftsbedingungen f\u00fcr die Hoteller<\/a>ie<\/p>\t\t\t\t\t<\/div>\n\t\t\t\t\t\t<\/div>\n\t\t\t\t<\/div>\n\t\t\t\t\t\t<\/div>\n\t\t\t\t\t<\/div>\n\t\t<\/div>\n\t\t\t\t\t\t\t\t<\/div>\n\t\t\t\t\t<\/div>\n\t\t<\/section>\n\t\t\t\t\t\t\t\t\t<\/div>\n\t\t\t<\/div>\n\t\t\t\t\t<\/div>\n\t\t","protected":false},"excerpt":{"rendered":"<p>\u00a0 Winter1 Winter2 Winter 3 \u00a0 21.12.2024 \u2013 06.01.202525.01.2025 \u2013 21.03.2025 14.12.2024 \u2013 20.12.202422.03.2025 \u2013 04.04.2025 04.12.2024- 13.12.202405.04.2025 \u2013 22.04.2025 Doppelzimmer Dusche\/WC \u20ac 50.-\u00a0 bis 53.- \u20ac 48.- bis 50.- \u20ac 50.- bis 53.- Doppelzimmer Dusche \u20ac 45.- bis 48.- \u20ac 45.- bis 48.- \u20ac 45.- bis 48.- \u00a0 \u00a0 \u00a0 \u00a0 Einzelzimmer Dusche\/WC \u20ac [&hellip;]<\/p>\n","protected":false},"author":1,"featured_media":0,"parent":0,"menu_order":0,"comment_status":"closed","ping_status":"closed","template":"","meta":{"ocean_post_layout":"","ocean_both_sidebars_style":"","ocean_both_sidebars_content_width":0,"ocean_both_sidebars_sidebars_width":0,"ocean_sidebar":"0","ocean_second_sidebar":"0","ocean_disable_margins":"enable","ocean_add_body_class":"","ocean_shortcode_before_top_bar":"","ocean_shortcode_after_top_bar":"","ocean_shortcode_before_header":"","ocean_shortcode_after_header":"","ocean_has_shortcode":"","ocean_shortcode_after_title":"","ocean_shortcode_before_footer_widgets":"","ocean_shortcode_after_footer_widgets":"","ocean_shortcode_before_footer_bottom":"","ocean_shortcode_after_footer_bottom":"","ocean_display_top_bar":"default","ocean_display_header":"default","ocean_header_style":"","ocean_center_header_left_menu":"0","ocean_custom_header_template":"0","ocean_custom_logo":0,"ocean_custom_retina_logo":0,"ocean_custom_logo_max_width":0,"ocean_custom_logo_tablet_max_width":0,"ocean_custom_logo_mobile_max_width":0,"ocean_custom_logo_max_height":0,"ocean_custom_logo_tablet_max_height":0,"ocean_custom_logo_mobile_max_height":0,"ocean_header_custom_menu":"0","ocean_menu_typo_font_family":"0","ocean_menu_typo_font_subset":"","ocean_menu_typo_font_size":0,"ocean_menu_typo_font_size_tablet":0,"ocean_menu_typo_font_size_mobile":0,"ocean_menu_typo_font_size_unit":"px","ocean_menu_typo_font_weight":"","ocean_menu_typo_font_weight_tablet":"","ocean_menu_typo_font_weight_mobile":"","ocean_menu_typo_transform":"","ocean_menu_typo_transform_tablet":"","ocean_menu_typo_transform_mobile":"","ocean_menu_typo_line_height":0,"ocean_menu_typo_line_height_tablet":0,"ocean_menu_typo_line_height_mobile":0,"ocean_menu_typo_line_height_unit":"","ocean_menu_typo_spacing":0,"ocean_menu_typo_spacing_tablet":0,"ocean_menu_typo_spacing_mobile":0,"ocean_menu_typo_spacing_unit":"","ocean_menu_link_color":"","ocean_menu_link_color_hover":"","ocean_menu_link_color_active":"","ocean_menu_link_background":"","ocean_menu_link_hover_background":"","ocean_menu_link_active_background":"","ocean_menu_social_links_bg":"","ocean_menu_social_hover_links_bg":"","ocean_menu_social_links_color":"","ocean_menu_social_hover_links_color":"","ocean_disable_title":"on","ocean_disable_heading":"default","ocean_post_title":"","ocean_post_subheading":"","ocean_post_title_style":"","ocean_post_title_background_color":"","ocean_post_title_background":0,"ocean_post_title_bg_image_position":"","ocean_post_title_bg_image_attachment":"","ocean_post_title_bg_image_repeat":"","ocean_post_title_bg_image_size":"","ocean_post_title_height":0,"ocean_post_title_bg_overlay":0.5,"ocean_post_title_bg_overlay_color":"","ocean_disable_breadcrumbs":"default","ocean_breadcrumbs_color":"","ocean_breadcrumbs_separator_color":"","ocean_breadcrumbs_links_color":"","ocean_breadcrumbs_links_hover_color":"","ocean_display_footer_widgets":"default","ocean_display_footer_bottom":"default","ocean_custom_footer_template":"0"},"_links":{"self":[{"href":"https:\/\/www.arlberg.site\/haus-rosa\/wp-json\/wp\/v2\/pages\/17"}],"collection":[{"href":"https:\/\/www.arlberg.site\/haus-rosa\/wp-json\/wp\/v2\/pages"}],"about":[{"href":"https:\/\/www.arlberg.site\/haus-rosa\/wp-json\/wp\/v2\/types\/page"}],"author":[{"embeddable":true,"href":"https:\/\/www.arlberg.site\/haus-rosa\/wp-json\/wp\/v2\/users\/1"}],"replies":[{"embeddable":true,"href":"https:\/\/www.arlberg.site\/haus-rosa\/wp-json\/wp\/v2\/comments?post=17"}],"version-history":[{"count":22,"href":"https:\/\/www.arlberg.site\/haus-rosa\/wp-json\/wp\/v2\/pages\/17\/revisions"}],"predecessor-version":[{"id":190,"href":"https:\/\/www.arlberg.site\/haus-rosa\/wp-json\/wp\/v2\/pages\/17\/revisions\/190"}],"wp:attachment":[{"href":"https:\/\/www.arlberg.site\/haus-rosa\/wp-json\/wp\/v2\/media?parent=17"}],"curies":[{"name":"wp","href":"https:\/\/api.w.org\/{rel}","templated":true}]}}